{"id":734,"date":"2017-05-05T20:57:49","date_gmt":"2017-05-05T20:57:49","guid":{"rendered":"http:\/\/entencup.de\/?page_id=734"},"modified":"2018-05-14T19:00:07","modified_gmt":"2018-05-14T17:00:07","slug":"entencup-2017","status":"publish","type":"page","link":"https:\/\/entencup.de\/?page_id=734","title":{"rendered":"Entencup 2017"},"content":{"rendered":"<p>Mit dem Nu\u0308rnberger Lions Entencup werden allj\u00e4hrlich besondere Projekte im Gro\u00dfraum Nu\u0308rnberg unterstu\u0308tzt.\u00a0In den letzten Jahren wurden der <a href=\"http:\/\/tiergarten.nuernberg.de\">Tiergarten Nu\u0308rnberg<\/a> (2011), die <a href=\"http:\/\/nuernberger-tafel.de\/\">Tafel Nu\u0308rnberg e.V.\u00a0<\/a>(2012), das <a href=\"http:\/\/www.hospiz-team.de\/\">Hospiz-Team Nu\u0308rnberg e.V.<\/a> (2013), \u00a0das <a href=\"http:\/\/www.kinderhaus.de\/\">Kinderhaus N\u00fcrnberg gGmbH<\/a> (2014),\u00a0das <a href=\"http:\/\/jugendamt.nuernberg.de\">N\u00fcrnberger Jugendamt<\/a> (2015) und den <a href=\"https:\/\/www.schlupfwinkel.de\/\">Schlupfwinkel e.V. <\/a>(2016) unterst\u00fctzt um konkrete Vorhaben mit Langzeitwirkungen\u00a0zu erm\u00f6glichen.<\/p>\n<p class=\"p1\">In den vergangenen 6 Jahren kamen beim Entencup bereits u\u0308ber 100.000 \u20ac zusammen. Damit wurden u.a. ein Wasserspielplatz und ein Urban Gardening Projekt in N\u00fcrnberger Kinderg\u00e4rten unterst\u00fctzt.<\/p>\n<p class=\"p1\">Der <a href=\"https:\/\/www.schlupfwinkel.de\/\">Schlupfwinkel e.V.<\/a> konnte durch die Spende 2016 eine Mitmach-Fahrradwerkstatt f\u00fcr Jugendliche bauen. Kinder konnten dort selbstst\u00e4ndig Reparaturen aus\u00fcben um somit unabh\u00e4ngig und mobil durch ihre Fahrr\u00e4der zu werden.<\/p>\n<p class=\"p1\"><img loading=\"lazy\" class=\"alignnone size-full wp-image-1776\" src=\"http:\/\/entencup.de\/wp-content\/uploads\/Scheck_rgb.jpg\" alt=\"\" width=\"591\" height=\"614\" \/><\/p>\n<p>Am 1. Juli, p\u00fcnktlich um 14 Uhr fiel, der Startschuss f\u00fcr 20.000 Lions-Enten: Zum 7. Mal sollten die nummerierten Gl\u00fccksbringer im Eiltempo auf der Pegnitz in der N\u00fcrnberger Altstadt von der Heubr\u00fccke bis zur Liebesinsel d\u00fcsen. Etliche tausend Zuschauer verfolgten das Ereignis, das diesmal allerdings von ung\u00fcnstigem Wind behindert wurde. Daf\u00fcr sorgte N1-Moderator Flo Kerschner vom DLRG-Boot auf der Pegnitz f\u00fcr gute Stimmung.<\/p>\n<p>Der Verein N\u00fcrnberger Lions Entencup schickt jedes Jahr die speziellen Rennenten ins Rennen, um aus dem Verkaufserl\u00f6s soziale Projekte zu unterst\u00fctzen. In diesem Jahr erhielt der Verein Schlupfwinkel rund 15.000 Euro, auch weil noch vor Ort \u00fcber 500 sogenannte Adoptionsscheine f\u00fcr eine Rennente f\u00fcr jeweils f\u00fcnf Euro gekauft wurden. Den Hauptgewinn \u201e3 Tage New York\u201c erschwamm die Rennente mit der Nummer 2113 \u2013 allerdings hat sich der gl\u00fcckliche Gewinner noch nicht gemeldet. \u201eDar\u00fcber hinaus werden weitere Projekte f\u00fcr N\u00fcrnberger Kinder und Jugendliche unterst\u00fctzt, die nicht auf der Sonnenseite stehen\u201c sagt der Lions Entencup-Pr\u00e4sident Dr. Michael Sauter. Ohne die vielen gro\u00dfen und kleinen Sponsoren und die vielen weiteren Unterst\u00fctzer und Helfer ist ein gemeinn\u00fctziges Event in dieser Gr\u00f6\u00dfe nicht durchzuf\u00fchren. Insgesamt nahm der Verein knapp 30.000 Euro ein.<\/p>\n<p>In diesem Jahr schickte der Hauptsponsor GlossyBox statt gelbe puderfarbene Enten auf die Wasserrennstrecke. Die Veranstaltungsprofis von der Eventagentur werk:b sorgten gemeinsam mit Hitradio N1 f\u00fcr viel Promotion. Der Entsorgungsspezialist \u201eHoffmann denkt\u201c veranlasste einen reibungslosen Start, die Retter des DRLG fischten die Gewinner-Enten aus der Pegnitz und die Einlagerung von 16 \u201eEnten-K\u00e4figen\u201c \u00fcbernimmt die Firma Ernst M\u00fcller GmbH &amp; Co KG. Aber auch den vielen Unternehmen, die insgesamt stolze 300 Preise bereitstellten, ist f\u00fcr ihr Engagement ausdr\u00fccklich zu danken.<\/p>\n<p>Insgesamt wurden mit dem 2017er Entencup 30.000 Euro gesammelt.<\/p>\n<p>&nbsp;<\/p>\n<p><img loading=\"lazy\" class=\"size-full wp-image-758 aligncenter\" src=\"http:\/\/entencup.de\/wp-content\/uploads\/Entencp_2017-1.png\" alt=\"\" width=\"800\" height=\"1123\" \/><\/p>\n","protected":false},"excerpt":{"rendered":"<p>Mit dem Nu\u0308rnberger Lions Entencup werden allj\u00e4hrlich besondere Projekte im Gro\u00dfraum Nu\u0308rnberg unterstu\u0308tzt.\u00a0In den letzten Jahren wurden der Tiergarten Nu\u0308rnberg (2011), die Tafel Nu\u0308rnberg e.V.\u00a0(2012), das Hospiz-Team Nu\u0308rnberg e.V. (2013), \u00a0das Kinderhaus N\u00fcrnberg gGmbH (2014),\u00a0das N\u00fcrnberger Jugendamt (2015) und den Schlupfwinkel e.V. (2016) unterst\u00fctzt um konkrete Vorhaben mit Langzeitwirkungen\u00a0zu erm\u00f6glichen. In den vergangenen 6 Jahren [&hellip;]<\/p>\n","protected":false},"author":1,"featured_media":0,"parent":0,"menu_order":0,"comment_status":"closed","ping_status":"closed","template":"page-templates\/no-sidebar.php","meta":[],"_links":{"self":[{"href":"https:\/\/entencup.de\/index.php?rest_route=\/wp\/v2\/pages\/734"}],"collection":[{"href":"https:\/\/entencup.de\/index.php?rest_route=\/wp\/v2\/pages"}],"about":[{"href":"https:\/\/entencup.de\/index.php?rest_route=\/wp\/v2\/types\/page"}],"author":[{"embeddable":true,"href":"https:\/\/entencup.de\/index.php?rest_route=\/wp\/v2\/users\/1"}],"replies":[{"embeddable":true,"href":"https:\/\/entencup.de\/index.php?rest_route=%2Fwp%2Fv2%2Fcomments&post=734"}],"version-history":[{"count":12,"href":"https:\/\/entencup.de\/index.php?rest_route=\/wp\/v2\/pages\/734\/revisions"}],"predecessor-version":[{"id":1957,"href":"https:\/\/entencup.de\/index.php?rest_route=\/wp\/v2\/pages\/734\/revisions\/1957"}],"wp:attachment":[{"href":"https:\/\/entencup.de\/index.php?rest_route=%2Fwp%2Fv2%2Fmedia&parent=734"}],"curies":[{"name":"wp","href":"https:\/\/api.w.org\/{rel}","templated":true}]}}