{"id":632,"date":"2016-06-17T18:22:47","date_gmt":"2016-06-17T16:22:47","guid":{"rendered":"http:\/\/entencup.de\/?page_id=632"},"modified":"2018-02-27T21:32:56","modified_gmt":"2018-02-27T20:32:56","slug":"gewinne-2016","status":"publish","type":"page","link":"https:\/\/entencup.de\/?page_id=632","title":{"rendered":"Gewinner 2016"},"content":{"rendered":"<p>Der 6. N\u00fcrnberger Entencup ist beendet, die Gewinner stehen fest:<\/p>\n<figure id=\"attachment_303\" aria-describedby=\"caption-attachment-303\" style=\"width: 300px\" class=\"wp-caption aligncenter\"><a href=\"http:\/\/entencup.de\/wp-content\/uploads\/Zieleinlauf.jpg\"><img loading=\"lazy\" class=\"size-medium wp-image-303\" src=\"http:\/\/entencup.de\/wp-content\/uploads\/Zieleinlauf-300x200.jpg\" alt=\"Zieleinlauf der Gewinnerente\" width=\"300\" height=\"200\"><\/a><figcaption id=\"caption-attachment-303\" class=\"wp-caption-text\">Zieleinlauf der Gewinnerenten<\/figcaption><\/figure>\n<p>&nbsp;<\/p>\n<table cellspacing=\"0\" cellpadding=\"0\">\n<tbody>\n<tr>\n<td colspan=\"2\" align=\"left\">Platznummer:<\/td>\n<td width=\"151\">\n<div align=\"right\">Adoptionsscheinnummer:<\/div>\n<\/td>\n<\/tr>\n<tr>\n<td align=\"left\" width=\"178\">1<\/td>\n<td width=\"589\">M\u00dcLLER K\u00c4RCHER ZENTRUM Profi-Hochdruckreinigerset&nbsp;mit Zubeh\u00f6r<\/td>\n<td align=\"right\">0420<\/td>\n<\/tr>\n<tr>\n<td align=\"left\">2<\/td>\n<td>\u201eDER EICHHORN\u201c Goldschmiedemeister&nbsp; Collier<\/td>\n<td align=\"right\">3248<\/td>\n<\/tr>\n<tr>\n<td align=\"left\">3<\/td>\n<td>Gem\u00e4lde der Galerie KANNEGIESSER<\/td>\n<td align=\"right\">3171<\/td>\n<\/tr>\n<tr>\n<td align=\"left\">4<\/td>\n<td>Einkaufsgutschein \u00fcber 100 Euro von THOMAS SABO<\/td>\n<td align=\"right\">1679<\/td>\n<\/tr>\n<tr>\n<td align=\"left\">5<\/td>\n<td>LONGCHAMP Damenhandtasche<\/td>\n<td align=\"right\">2127<\/td>\n<\/tr>\n<tr>\n<td align=\"left\">6<\/td>\n<td>DEGUSSA Motivbarren N\u00fcrnberg 1 Feinunze Silber<\/td>\n<td align=\"right\">1726<\/td>\n<\/tr>\n<tr>\n<td align=\"left\">7<\/td>\n<td>3-g\u00e4ngiges Men\u00fc inklusive Aperitif, men\u00fcbegleitend Wei\u00df- und Rotwein, Mineralwasser und eine Kaffeespezialit\u00e4t f\u00fcr 2 Personen im ROMANTIKHOTEL ROTTNER<\/td>\n<td align=\"right\">3595<\/td>\n<\/tr>\n<tr>\n<td align=\"left\">8<\/td>\n<td>ADIDAS Fu\u00dfball Euro 2016<\/td>\n<td align=\"right\">1486<\/td>\n<\/tr>\n<tr>\n<td align=\"left\">9<\/td>\n<td>PHYSIOTHERM&nbsp; Lava W\u00e4rmekissen<\/td>\n<td align=\"right\">0952<\/td>\n<\/tr>\n<tr>\n<td align=\"left\">10<\/td>\n<td>VGN: MobiCard Gesamtraum ab 9 Uhr 1 Monat<\/td>\n<td align=\"right\">0241<\/td>\n<\/tr>\n<tr>\n<td align=\"left\">11<\/td>\n<td>Fr\u00fchst\u00fccksgutschein f\u00fcr 2 Personen BAR CELONA<\/td>\n<td align=\"right\">2221<\/td>\n<\/tr>\n<tr>\n<td align=\"left\">12<\/td>\n<td>Hochwertige Filztasche der Firma M&amp;K FILZE<\/td>\n<td align=\"right\">0779<\/td>\n<\/tr>\n<tr>\n<td align=\"left\">13<\/td>\n<td>Gutschein der KLEINKUNSTB\u00dcHNE BAMMES<\/td>\n<td align=\"right\">2579<\/td>\n<\/tr>\n<tr>\n<td align=\"left\">14<\/td>\n<td>AUDI&nbsp; ZENTRUM FESER&nbsp; Cabrio Wochenendgutschein inkl. Tankf\u00fcllung und 500 Freikilometer<\/td>\n<td align=\"right\">0816<\/td>\n<\/tr>\n<tr>\n<td align=\"left\">15<\/td>\n<td>LONGCHAMP Handtasche<\/td>\n<td align=\"right\">1070<\/td>\n<\/tr>\n<tr>\n<td align=\"left\">16<\/td>\n<td>VGN: MobiCard Gesamtraum ab 9 Uhr 1 Monat<\/td>\n<td align=\"right\">1497<\/td>\n<\/tr>\n<tr>\n<td align=\"left\">17<\/td>\n<td>VGN: MobiCard Gesamtraum ab 9 Uhr 1 Monat<\/td>\n<td align=\"right\">3836<\/td>\n<\/tr>\n<tr>\n<td align=\"left\">18<\/td>\n<td>TAFELHALLE&nbsp; f\u00fcr ein TANZ ABO&nbsp; mehrere Veranstaltungen&nbsp; (Beginn August)<\/td>\n<td align=\"right\">0944<\/td>\n<\/tr>\n<tr>\n<td align=\"left\">19<\/td>\n<td>TAFELHALLE&nbsp; f\u00fcr ein KLASSIK&nbsp; ABO&nbsp; mehrere Veranstaltungen (Beginn August)<\/td>\n<td align=\"right\">0718<\/td>\n<\/tr>\n<tr>\n<td align=\"left\">20<\/td>\n<td>Windlicht von DESIGNFUNKTION<\/td>\n<td align=\"right\">3851<\/td>\n<\/tr>\n<tr>\n<td align=\"left\">21<\/td>\n<td>M\u00dcLLER K\u00c4RCHER ZENTRUM Premium Fensterreiniger<\/td>\n<td align=\"right\">3540<\/td>\n<\/tr>\n<tr>\n<td align=\"left\">22<\/td>\n<td>VW ZENTRUM FESER&nbsp; Cabrio Wochenendgutschein inkl. Tankf\u00fcllung und 500 Freikilometer<\/td>\n<td align=\"right\">0376<\/td>\n<\/tr>\n<tr>\n<td align=\"left\">23<\/td>\n<td>LONGCHAMP&nbsp; Damenhandtasche<\/td>\n<td align=\"right\">0925<\/td>\n<\/tr>\n<tr>\n<td align=\"left\">24<\/td>\n<td>KLEINKUNSTB\u00dcHNE BAMMES&nbsp; Eintritt f\u00fcr eine Veranstaltung ( Beginn Oktober)<\/td>\n<td align=\"right\">2352<\/td>\n<\/tr>\n<tr>\n<td align=\"left\">25<\/td>\n<td>KLEINKUNSTB\u00dcHNE BAMMES&nbsp; Eintritt f\u00fcr eine Veranstaltung ( Beginn Oktober)<\/td>\n<td align=\"right\">1403<\/td>\n<\/tr>\n<tr>\n<td align=\"left\">26<\/td>\n<td>KLEINKUNSTB\u00dcHNE BAMMES&nbsp; Eintritt f\u00fcr eine Veranstaltung ( Beginn Oktober)<\/td>\n<td align=\"right\">2122<\/td>\n<\/tr>\n<tr>\n<td align=\"left\">27<\/td>\n<td>KLEINKUNSTB\u00dcHNE BAMMES&nbsp; Eintritt f\u00fcr eine Veranstaltung ( Beginn Oktober)<\/td>\n<td align=\"right\">2342<\/td>\n<\/tr>\n<tr>\n<td align=\"left\">28<\/td>\n<td>KLEINKUNSTB\u00dcHNE BAMMES&nbsp; Eintritt f\u00fcr eine Veranstaltung ( Beginn Oktober)<\/td>\n<td align=\"right\">0863<\/td>\n<\/tr>\n<tr>\n<td align=\"left\">29<\/td>\n<td>KLEINKUNSTB\u00dcHNE BAMMES&nbsp; Eintritt f\u00fcr eine Veranstaltung ( Beginn Oktober)<\/td>\n<td align=\"right\">2863<\/td>\n<\/tr>\n<tr>\n<td align=\"left\">30<\/td>\n<td>KLEINKUNSTB\u00dcHNE BAMMES&nbsp; Eintritt f\u00fcr eine Veranstaltung ( Beginn Oktober)<\/td>\n<td align=\"right\">1537<\/td>\n<\/tr>\n<tr>\n<td align=\"left\">31<\/td>\n<td>KLEINKUNSTB\u00dcHNE BAMMES&nbsp; Eintritt f\u00fcr eine Veranstaltung ( Beginn Oktober)<\/td>\n<td align=\"right\">1857<\/td>\n<\/tr>\n<tr>\n<td align=\"left\">32<\/td>\n<td>KLEINKUNSTB\u00dcHNE BAMMES&nbsp; Eintritt f\u00fcr eine Veranstaltung ( Beginn Oktober)<\/td>\n<td align=\"right\">3604<\/td>\n<\/tr>\n<tr>\n<td align=\"left\">33<\/td>\n<td>KLEINKUNSTB\u00dcHNE BAMMES&nbsp; Eintritt f\u00fcr eine Veranstaltung ( Beginn Oktober)<\/td>\n<td align=\"right\">1882<\/td>\n<\/tr>\n<tr>\n<td align=\"left\">34<\/td>\n<td>KLEINKUNSTB\u00dcHNE BAMMES&nbsp; Eintritt f\u00fcr eine Veranstaltung ( Beginn Oktober)<\/td>\n<td align=\"right\">3625<\/td>\n<\/tr>\n<tr>\n<td align=\"left\">35<\/td>\n<td>KLEINKUNSTB\u00dcHNE BAMMES&nbsp; Eintritt f\u00fcr eine Veranstaltung ( Beginn Oktober)<\/td>\n<td align=\"right\">3480<\/td>\n<\/tr>\n<tr>\n<td align=\"left\">36<\/td>\n<td>KLEINKUNSTB\u00dcHNE BAMMES&nbsp; Eintritt f\u00fcr eine Veranstaltung ( Beginn Oktober)<\/td>\n<td align=\"right\">3031<\/td>\n<\/tr>\n<tr>\n<td align=\"left\">37<\/td>\n<td>KLEINKUNSTB\u00dcHNE BAMMES&nbsp; Eintritt f\u00fcr eine Veranstaltung ( Beginn Oktober)<\/td>\n<td align=\"right\">0963<\/td>\n<\/tr>\n<tr>\n<td align=\"left\">38<\/td>\n<td>KLEINKUNSTB\u00dcHNE BAMMES&nbsp; Eintritt f\u00fcr eine Veranstaltung ( Beginn Oktober)<\/td>\n<td align=\"right\">3084<\/td>\n<\/tr>\n<tr>\n<td align=\"left\">39<\/td>\n<td>KLEINKUNSTB\u00dcHNE BAMMES&nbsp; Eintritt f\u00fcr eine Veranstaltung ( Beginn Oktober)<\/td>\n<td align=\"right\">3768<\/td>\n<\/tr>\n<tr>\n<td align=\"left\">40<\/td>\n<td>DESIGNFUNKTION Beistelltisch \u201eBox\u201c von Vitra<\/td>\n<td align=\"right\">2758<\/td>\n<\/tr>\n<tr>\n<td align=\"left\">41<\/td>\n<td>PHYSIOTHERM&nbsp; Lava W\u00e4rmekissen<\/td>\n<td align=\"right\">1296<\/td>\n<\/tr>\n<tr>\n<td align=\"left\">42<\/td>\n<td>PHYSIOTHERM&nbsp; Lava W\u00e4rmekissen<\/td>\n<td align=\"right\">3024<\/td>\n<\/tr>\n<tr>\n<td align=\"left\">43<\/td>\n<td>PHYSIOTHERM&nbsp; Lava W\u00e4rmekissen<\/td>\n<td align=\"right\">1645<\/td>\n<\/tr>\n<tr>\n<td align=\"left\">44<\/td>\n<td>PHYSIOTHERM&nbsp; Lava W\u00e4rmekissen<\/td>\n<td align=\"right\">0287<\/td>\n<\/tr>\n<tr>\n<td align=\"left\">45<\/td>\n<td>PHYSIOTHERM&nbsp; Lava W\u00e4rmekissen<\/td>\n<td align=\"right\">3237<\/td>\n<\/tr>\n<tr>\n<td align=\"left\">46<\/td>\n<td>PHYSIOTHERM&nbsp; Lava W\u00e4rmekissen<\/td>\n<td align=\"right\">1810<\/td>\n<\/tr>\n<tr>\n<td align=\"left\">47<\/td>\n<td>PHYSIOTHERM&nbsp; Lava W\u00e4rmekissen<\/td>\n<td align=\"right\">2147<\/td>\n<\/tr>\n<tr>\n<td align=\"left\">48<\/td>\n<td>PHYSIOTHERM&nbsp; Lava W\u00e4rmekissen<\/td>\n<td align=\"right\">2818<\/td>\n<\/tr>\n<tr>\n<td align=\"left\">49<\/td>\n<td>PHYSIOTHERM&nbsp; Lava W\u00e4rmekissen<\/td>\n<td align=\"right\">3519<\/td>\n<\/tr>\n<tr>\n<td align=\"left\">50<\/td>\n<td>PHYSIOTHERM&nbsp; Lava W\u00e4rmekissen<\/td>\n<td align=\"right\">2414<\/td>\n<\/tr>\n<tr>\n<td align=\"left\">51<\/td>\n<td>PHYSIOTHERM&nbsp; Lava W\u00e4rmekissen<\/td>\n<td align=\"right\">3547<\/td>\n<\/tr>\n<tr>\n<td align=\"left\">52<\/td>\n<td>PHYSIOTHERM&nbsp; Lava W\u00e4rmekissen<\/td>\n<td align=\"right\">0555<\/td>\n<\/tr>\n<tr>\n<td align=\"left\">53<\/td>\n<td>PHYSIOTHERM&nbsp; Lava W\u00e4rmekissen<\/td>\n<td align=\"right\">1689<\/td>\n<\/tr>\n<tr>\n<td align=\"left\">54<\/td>\n<td>PHYSIOTHERM&nbsp; Lava W\u00e4rmekissen<\/td>\n<td align=\"right\">2408<\/td>\n<\/tr>\n<tr>\n<td align=\"left\">55<\/td>\n<td>PHYSIOTHERM&nbsp; Lava W\u00e4rmekissen<\/td>\n<td align=\"right\">0209<\/td>\n<\/tr>\n<tr>\n<td align=\"left\">56<\/td>\n<td>PHYSIOTHERM&nbsp; Lava W\u00e4rmekissen<\/td>\n<td align=\"right\">1544<\/td>\n<\/tr>\n<tr>\n<td align=\"left\">57<\/td>\n<td>PHYSIOTHERM&nbsp; Lava W\u00e4rmekissen<\/td>\n<td align=\"right\">3837<\/td>\n<\/tr>\n<tr>\n<td align=\"left\">58<\/td>\n<td>PHYSIOTHERM&nbsp; Lava W\u00e4rmekissen<\/td>\n<td align=\"right\">3167<\/td>\n<\/tr>\n<tr>\n<td align=\"left\">59<\/td>\n<td>PHYSIOTHERM&nbsp; Lava W\u00e4rmekissen<\/td>\n<td align=\"right\">3493<\/td>\n<\/tr>\n<tr>\n<td align=\"left\">60<\/td>\n<td>THOMAS SABO Einkaufsgutschein \u00fcber 100 Euro<\/td>\n<td align=\"right\">0153<\/td>\n<\/tr>\n<tr>\n<td align=\"left\">61<\/td>\n<td>ADIDAS EM Fu\u00dfb\u00e4lle<\/td>\n<td align=\"right\">1956<\/td>\n<\/tr>\n<tr>\n<td align=\"left\">62<\/td>\n<td>ADIDAS EM Fu\u00dfb\u00e4lle<\/td>\n<td align=\"right\">1262<\/td>\n<\/tr>\n<tr>\n<td align=\"left\">63<\/td>\n<td>ADIDAS EM Fu\u00dfb\u00e4lle<\/td>\n<td align=\"right\">0507<\/td>\n<\/tr>\n<tr>\n<td align=\"left\">64<\/td>\n<td>ADIDAS EM Fu\u00dfb\u00e4lle<\/td>\n<td align=\"right\">1445<\/td>\n<\/tr>\n<tr>\n<td align=\"left\">65<\/td>\n<td>ADIDAS EM Fu\u00dfb\u00e4lle<\/td>\n<td align=\"right\">1496<\/td>\n<\/tr>\n<tr>\n<td align=\"left\">66<\/td>\n<td>ADIDAS EM Fu\u00dfb\u00e4lle<\/td>\n<td align=\"right\">3571<\/td>\n<\/tr>\n<tr>\n<td align=\"left\">67<\/td>\n<td>ADIDAS EM Fu\u00dfb\u00e4lle<\/td>\n<td align=\"right\">2444<\/td>\n<\/tr>\n<tr>\n<td align=\"left\">68<\/td>\n<td>ADIDAS EM Fu\u00dfb\u00e4lle<\/td>\n<td align=\"right\">3805<\/td>\n<\/tr>\n<tr>\n<td align=\"left\">69<\/td>\n<td>ADIDAS EM Fu\u00dfb\u00e4lle<\/td>\n<td align=\"right\">0961<\/td>\n<\/tr>\n<tr>\n<td align=\"left\">70<\/td>\n<td>ADIDAS EM Fu\u00dfb\u00e4lle<\/td>\n<td align=\"right\">1412<\/td>\n<\/tr>\n<tr>\n<td align=\"left\">71<\/td>\n<td>ADIDAS EM Fu\u00dfb\u00e4lle<\/td>\n<td align=\"right\">3063<\/td>\n<\/tr>\n<tr>\n<td align=\"left\">72<\/td>\n<td>ADIDAS EM Fu\u00dfb\u00e4lle<\/td>\n<td align=\"right\">0302<\/td>\n<\/tr>\n<tr>\n<td align=\"left\">73<\/td>\n<td>ADIDAS EM Fu\u00dfb\u00e4lle<\/td>\n<td align=\"right\">0717<\/td>\n<\/tr>\n<tr>\n<td align=\"left\">74<\/td>\n<td>ADIDAS EM Fu\u00dfb\u00e4lle<\/td>\n<td align=\"right\">1006<\/td>\n<\/tr>\n<tr>\n<td align=\"left\">75<\/td>\n<td>DEGUSSA Motivbarren N\u00fcrnberg 1 Feinunze Silber<\/td>\n<td align=\"right\">2859<\/td>\n<\/tr>\n<tr>\n<td align=\"left\">76<\/td>\n<td>DEGUSSA Motivbarren N\u00fcrnberg 1 Feinunze Silber<\/td>\n<td align=\"right\">3755<\/td>\n<\/tr>\n<tr>\n<td align=\"left\">77<\/td>\n<td>DEGUSSA Motivbarren N\u00fcrnberg 1 Feinunze Silber<\/td>\n<td align=\"right\">0793<\/td>\n<\/tr>\n<tr>\n<td align=\"left\">78<\/td>\n<td>DEGUSSA Motivbarren N\u00fcrnberg 1 Feinunze Silber<\/td>\n<td align=\"right\">1377<\/td>\n<\/tr>\n<tr>\n<td align=\"left\">79<\/td>\n<td>DEGUSSA Motivbarren N\u00fcrnberg 1 Feinunze Silber<\/td>\n<td align=\"right\">1716<\/td>\n<\/tr>\n<tr>\n<td align=\"left\">80<\/td>\n<td>hochwertige Filztaschen der Firma M&amp;K FILZE<\/td>\n<td align=\"right\">1796<\/td>\n<\/tr>\n<tr>\n<td align=\"left\">81<\/td>\n<td>hochwertige Filztaschen der Firma M&amp;K FILZE<\/td>\n<td align=\"right\">2282<\/td>\n<\/tr>\n<tr>\n<td align=\"left\">82<\/td>\n<td>S\u00dcDDEUTSCHER SCHAUSTELLERVERBAND: Volksfest Jahreskrug mit Gutscheinen<\/td>\n<td align=\"right\">3170<\/td>\n<\/tr>\n<tr>\n<td align=\"left\">83<\/td>\n<td>S\u00dcDDEUTSCHER SCHAUSTELLERVERBAND: Volksfest Jahreskrug mit Gutscheinen<\/td>\n<td align=\"right\">1625<\/td>\n<\/tr>\n<tr>\n<td align=\"left\">84<\/td>\n<td>AUDI&nbsp; Sporttasche<\/td>\n<td align=\"right\">2989<\/td>\n<\/tr>\n<tr>\n<td align=\"left\">85<\/td>\n<td>AUDI&nbsp; Nackenrolle<\/td>\n<td align=\"right\">1007<\/td>\n<\/tr>\n<tr>\n<td align=\"left\">86<\/td>\n<td>AUDI Picknickdecke<\/td>\n<td align=\"right\">0958<\/td>\n<\/tr>\n<tr>\n<td align=\"left\">87<\/td>\n<td>Kinderfahrradhelm der Firma UVEX<\/td>\n<td align=\"right\">2921<\/td>\n<\/tr>\n<tr>\n<td align=\"left\">88<\/td>\n<td>Kinderfahrradhelm der Firma UVEX<\/td>\n<td align=\"right\">3538<\/td>\n<\/tr>\n<tr>\n<td align=\"left\">89<\/td>\n<td>Funkhelikopter der Firma&nbsp;STARKID<\/td>\n<td align=\"right\">1288<\/td>\n<\/tr>\n<tr>\n<td align=\"left\">90<\/td>\n<td>Funkhelikopter der Firma&nbsp;STARKID<\/td>\n<td align=\"right\">0181<\/td>\n<\/tr>\n<tr>\n<td align=\"left\">91<\/td>\n<td>Funkhelikopter der Firma&nbsp;STARKID<\/td>\n<td align=\"right\">1154<\/td>\n<\/tr>\n<tr>\n<td align=\"left\">92<\/td>\n<td>Funkhelikopter der Firma&nbsp;STARKID<\/td>\n<td align=\"right\">0411<\/td>\n<\/tr>\n<tr>\n<td align=\"left\">93<\/td>\n<td>Funkhelikopter der Firma&nbsp;STARKID<\/td>\n<td align=\"right\">1966<\/td>\n<\/tr>\n<tr>\n<td align=\"left\">94<\/td>\n<td>Funkhelikopter der Firma&nbsp;STARKID<\/td>\n<td align=\"right\">0379<\/td>\n<\/tr>\n<tr>\n<td align=\"left\">95<\/td>\n<td>Funkhelikopter der Firma&nbsp;STARKID<\/td>\n<td align=\"right\">0499<\/td>\n<\/tr>\n<tr>\n<td align=\"left\">96<\/td>\n<td>Funkhelikopter der Firma&nbsp;STARKID<\/td>\n<td align=\"right\">2044<\/td>\n<\/tr>\n<tr>\n<td align=\"left\">97<\/td>\n<td>Funkhelikopter der Firma&nbsp;STARKID<\/td>\n<td align=\"right\">3376<\/td>\n<\/tr>\n<tr>\n<td align=\"left\">98<\/td>\n<td>Funkhelikopter der Firma&nbsp;STARKID<\/td>\n<td align=\"right\">2407<\/td>\n<\/tr>\n<tr>\n<td align=\"left\">99<\/td>\n<td>Funkhelikopter der Firma&nbsp;STARKID<\/td>\n<td align=\"right\">3457<\/td>\n<\/tr>\n<tr>\n<td align=\"left\">100<\/td>\n<td>Green Fee GOLFCLUB ABENBERG<\/td>\n<td align=\"right\">1674<\/td>\n<\/tr>\n<tr>\n<td align=\"left\">101<\/td>\n<td>PUBLIC SPORT GOLF Putter von JuCad<\/td>\n<td align=\"right\">2672<\/td>\n<\/tr>\n<tr>\n<td align=\"left\">102<\/td>\n<td>PUBLIC SPORT GOLF Putter von JuCad<\/td>\n<td align=\"right\">0301<\/td>\n<\/tr>\n<tr>\n<td align=\"left\">103<\/td>\n<td>PUBLIC SPORT GOLF Putter von JuCad<\/td>\n<td align=\"right\">3812<\/td>\n<\/tr>\n<tr>\n<td align=\"left\">104<\/td>\n<td>Puzzles von MINISTECK<\/td>\n<td align=\"right\">0218<\/td>\n<\/tr>\n<tr>\n<td align=\"left\">105<\/td>\n<td>Puzzles von MINISTECK<\/td>\n<td align=\"right\">3779<\/td>\n<\/tr>\n<tr>\n<td align=\"left\">106<\/td>\n<td>Puzzles von MINISTECK<\/td>\n<td align=\"right\">0382<\/td>\n<\/tr>\n<tr>\n<td align=\"left\">107<\/td>\n<td>Puzzles von MINISTECK<\/td>\n<td align=\"right\">2320<\/td>\n<\/tr>\n<tr>\n<td align=\"left\">108<\/td>\n<td>Puzzles von MINISTECK<\/td>\n<td align=\"right\">2087<\/td>\n<\/tr>\n<tr>\n<td align=\"left\">109<\/td>\n<td>Puzzles von MINISTECK<\/td>\n<td align=\"right\">1527<\/td>\n<\/tr>\n<tr>\n<td align=\"left\">110<\/td>\n<td>Geschenkboxen von MESHSTICK.eu Teesticks<\/td>\n<td align=\"right\">3260<\/td>\n<\/tr>\n<tr>\n<td align=\"left\">111<\/td>\n<td>Geschenkboxen von MESHSTICK.eu Teesticks<\/td>\n<td align=\"right\">3310<\/td>\n<\/tr>\n<tr>\n<td align=\"left\">112<\/td>\n<td>Geschenkboxen von MESHSTICK.eu Teesticks<\/td>\n<td align=\"right\">2227<\/td>\n<\/tr>\n<tr>\n<td align=\"left\">113<\/td>\n<td>Geschenkboxen von MESHSTICK.eu Teesticks<\/td>\n<td align=\"right\">1597<\/td>\n<\/tr>\n<tr>\n<td align=\"left\">114<\/td>\n<td>Geschenkboxen von MESHSTICK.eu Teesticks<\/td>\n<td align=\"right\">0614<\/td>\n<\/tr>\n<tr>\n<td align=\"left\">115<\/td>\n<td>Geschenkboxen von MESHSTICK.eu Teesticks<\/td>\n<td align=\"right\">1408<\/td>\n<\/tr>\n<tr>\n<td align=\"left\">116<\/td>\n<td>Geschenkboxen von MESHSTICK.eu Teesticks<\/td>\n<td align=\"right\">0939<\/td>\n<\/tr>\n<tr>\n<td align=\"left\">117<\/td>\n<td>Geschenkboxen von MESHSTICK.eu Teesticks<\/td>\n<td align=\"right\">1788<\/td>\n<\/tr>\n<tr>\n<td align=\"left\">118<\/td>\n<td>Geschenkboxen von MESHSTICK.eu Teesticks<\/td>\n<td align=\"right\">0250<\/td>\n<\/tr>\n<tr>\n<td align=\"left\">119<\/td>\n<td>Geschenkboxen von MESHSTICK.eu Teesticks<\/td>\n<td align=\"right\">0950<\/td>\n<\/tr>\n<tr>\n<td align=\"left\">120<\/td>\n<td>Geschenkboxen von MESHSTICK.eu Teesticks<\/td>\n<td align=\"right\">3328<\/td>\n<\/tr>\n<tr>\n<td align=\"left\">121<\/td>\n<td>handgefertigete Vasen von DESIGNFUNKTION<\/td>\n<td align=\"right\">2651<\/td>\n<\/tr>\n<tr>\n<td align=\"left\">122<\/td>\n<td>handgefertigete Vasen von DESIGNFUNKTION<\/td>\n<td align=\"right\">1280<\/td>\n<\/tr>\n<tr>\n<td align=\"left\">123<\/td>\n<td>Kissen von DESIGNFUNKTION<\/td>\n<td align=\"right\">0889<\/td>\n<\/tr>\n<tr>\n<td align=\"left\">124<\/td>\n<td>Kissen von DESIGNFUNKTION<\/td>\n<td align=\"right\">0361<\/td>\n<\/tr>\n<tr>\n<td align=\"left\">125<\/td>\n<td>Memoryspiel von ADIDAS<\/td>\n<td align=\"right\">0947<\/td>\n<\/tr>\n<tr>\n<td align=\"left\">126<\/td>\n<td>Memoryspiel von ADIDAS<\/td>\n<td align=\"right\">1311<\/td>\n<\/tr>\n<tr>\n<td align=\"left\">127<\/td>\n<td>Memoryspiel von ADIDAS<\/td>\n<td align=\"right\">2163<\/td>\n<\/tr>\n<tr>\n<td align=\"left\">128<\/td>\n<td>Memoryspiel von ADIDAS<\/td>\n<td align=\"right\">2287<\/td>\n<\/tr>\n<tr>\n<td align=\"left\">129<\/td>\n<td>Memoryspiel von ADIDAS<\/td>\n<td align=\"right\">2513<\/td>\n<\/tr>\n<tr>\n<td align=\"left\">130<\/td>\n<td>Memoryspiel von ADIDAS<\/td>\n<td align=\"right\">2572<\/td>\n<\/tr>\n<tr>\n<td align=\"left\">131<\/td>\n<td>Memoryspiel von ADIDAS<\/td>\n<td align=\"right\">2618<\/td>\n<\/tr>\n<tr>\n<td align=\"left\">132<\/td>\n<td>Memoryspiel von ADIDAS<\/td>\n<td align=\"right\">2191<\/td>\n<\/tr>\n<tr>\n<td align=\"left\">133<\/td>\n<td>Memoryspiel von ADIDAS<\/td>\n<td align=\"right\">3253<\/td>\n<\/tr>\n<tr>\n<td align=\"left\">134<\/td>\n<td>Memoryspiel von ADIDAS<\/td>\n<td align=\"right\">1079<\/td>\n<\/tr>\n<tr>\n<td align=\"left\">135<\/td>\n<td>Minib\u00e4lle von ADIDAS<\/td>\n<td align=\"right\">0254<\/td>\n<\/tr>\n<tr>\n<td align=\"left\">136<\/td>\n<td>Minib\u00e4lle von ADIDAS<\/td>\n<td align=\"right\">3668<\/td>\n<\/tr>\n<tr>\n<td align=\"left\">137<\/td>\n<td>Lunchbox von ADIDAS<\/td>\n<td align=\"right\">1457<\/td>\n<\/tr>\n<tr>\n<td align=\"left\">138<\/td>\n<td>Lunchbox von ADIDAS<\/td>\n<td align=\"right\">2899<\/td>\n<\/tr>\n<tr>\n<td align=\"left\">139<\/td>\n<td>Lunchbox von ADIDAS<\/td>\n<td align=\"right\">0103<\/td>\n<\/tr>\n<tr>\n<td align=\"left\">140<\/td>\n<td>Lunchbox von ADIDAS<\/td>\n<td align=\"right\">3244<\/td>\n<\/tr>\n<tr>\n<td align=\"left\">141<\/td>\n<td>Lunchbox von ADIDAS<\/td>\n<td align=\"right\">3699<\/td>\n<\/tr>\n<tr>\n<td align=\"left\">142<\/td>\n<td>Lunchbox von ADIDAS<\/td>\n<td align=\"right\">0851<\/td>\n<\/tr>\n<tr>\n<td align=\"left\">143<\/td>\n<td>Kulturbeutel von ADIDAS<\/td>\n<td align=\"right\">1925<\/td>\n<\/tr>\n<tr>\n<td align=\"left\">144<\/td>\n<td>Kulturbeutel von ADIDAS<\/td>\n<td align=\"right\">1147<\/td>\n<\/tr>\n<tr>\n<td align=\"left\">145<\/td>\n<td>Kulturbeutel von ADIDAS<\/td>\n<td align=\"right\">2172<\/td>\n<\/tr>\n<tr>\n<td align=\"left\">146<\/td>\n<td>Beachball-Set (Schl\u00e4ger)<\/td>\n<td align=\"right\">3459<\/td>\n<\/tr>\n<tr>\n<td align=\"left\">147<\/td>\n<td>Beachball-Set (Schl\u00e4ger)<\/td>\n<td align=\"right\">2322<\/td>\n<\/tr>\n<tr>\n<td align=\"left\">148<\/td>\n<td>Schirm von ADIDAS<\/td>\n<td align=\"right\">0618<\/td>\n<\/tr>\n<tr>\n<td align=\"left\">149<\/td>\n<td>Schirm von ADIDAS<\/td>\n<td align=\"right\">2429<\/td>\n<\/tr>\n<tr>\n<td align=\"left\">150<\/td>\n<td>Gem\u00e4lde der Galerie KANNEGIESSER<\/td>\n<td align=\"right\">0946<\/td>\n<\/tr>\n<\/tbody>\n<\/table>\n<p>Ihre Ente hat gewonnen? herzlichen Gl\u00fcckwunsch.<\/p>\n<p>Abholung der Preise ist ab Dienstag den 5. Juli in der Praxis von<br \/>\nDr. Michael Sauter<br \/>\nKarl Grillenberger Stra\u00dfe 1<br \/>\n90402 N\u00fcrnberg<br \/>\njeweils von Montag bis Freitag 08:00 &#8211; 13:00 und Mo, Di und Do 14:00 bis 17:30 m\u00f6glich.<\/p>\n<p>Informationen zur Abholung: 0911\/2405959<\/p>\n<p>Bitte haben Sie Verst\u00e4ndnis das ein Gewinnanspruch nur durch Vorlage des Original Adoptionsscheines erfolgen kann.<br \/>\nDie Gewinne m\u00fcssen bis 30.&nbsp;Oktober abgeholt werden, bis dahin nicht eingetauschte Adoptionsscheine verlieren Ihre G\u00fcltigkeit.<\/p>\n<p>Sie haben Bilder gemacht?&nbsp; Wir w\u00fcrden uns \u00fcber eine Zusendung an:<a href=\"mailto:info@entencup.de\"> info@entencup.de<\/a> sehr freuen.<\/p>\n<p>&nbsp;<\/p>\n","protected":false},"excerpt":{"rendered":"<p>Der 6. N\u00fcrnberger Entencup ist beendet, die Gewinner stehen fest: &nbsp; Platznummer: Adoptionsscheinnummer: 1 M\u00dcLLER K\u00c4RCHER ZENTRUM Profi-Hochdruckreinigerset&nbsp;mit Zubeh\u00f6r 0420 2 \u201eDER EICHHORN\u201c Goldschmiedemeister&nbsp; Collier 3248 3 Gem\u00e4lde der Galerie KANNEGIESSER 3171 4 Einkaufsgutschein \u00fcber 100 Euro von THOMAS SABO 1679 5 LONGCHAMP Damenhandtasche 2127 6 DEGUSSA Motivbarren N\u00fcrnberg 1 Feinunze Silber 1726 7 3-g\u00e4ngiges [&hellip;]<\/p>\n","protected":false},"author":1,"featured_media":0,"parent":0,"menu_order":0,"comment_status":"closed","ping_status":"closed","template":"","meta":[],"_links":{"self":[{"href":"https:\/\/entencup.de\/index.php?rest_route=\/wp\/v2\/pages\/632"}],"collection":[{"href":"https:\/\/entencup.de\/index.php?rest_route=\/wp\/v2\/pages"}],"about":[{"href":"https:\/\/entencup.de\/index.php?rest_route=\/wp\/v2\/types\/page"}],"author":[{"embeddable":true,"href":"https:\/\/entencup.de\/index.php?rest_route=\/wp\/v2\/users\/1"}],"replies":[{"embeddable":true,"href":"https:\/\/entencup.de\/index.php?rest_route=%2Fwp%2Fv2%2Fcomments&post=632"}],"version-history":[{"count":8,"href":"https:\/\/entencup.de\/index.php?rest_route=\/wp\/v2\/pages\/632\/revisions"}],"predecessor-version":[{"id":732,"href":"https:\/\/entencup.de\/index.php?rest_route=\/wp\/v2\/pages\/632\/revisions\/732"}],"wp:attachment":[{"href":"https:\/\/entencup.de\/index.php?rest_route=%2Fwp%2Fv2%2Fmedia&parent=632"}],"curies":[{"name":"wp","href":"https:\/\/api.w.org\/{rel}","templated":true}]}}