{"id":570,"date":"2015-05-19T18:15:27","date_gmt":"2015-05-19T18:15:27","guid":{"rendered":"http:\/\/entencup.de\/?page_id=570"},"modified":"2016-07-02T17:30:17","modified_gmt":"2016-07-02T17:30:17","slug":"entencup-2015","status":"publish","type":"page","link":"https:\/\/entencup.de\/?page_id=570","title":{"rendered":"Entencup 2016"},"content":{"rendered":"<p>Mit dem Nu\u0308rnberger Lions Entencup werden allj\u00e4hrlich besondere Projekte im Gro\u00dfraum Nu\u0308rnberg unterstu\u0308tzt.\u00a0In den letzten Jahren wurden\u00a0 der Tiergarten Nu\u0308rnberg (2011), die Tafel Nu\u0308rnberg e.V.\u00a0(2012), das Kinderhospizteam Nu\u0308rnberg e.V. (2013), \u00a0das Kinderhaus N\u00fcrnberg gGmbH (2014) und das N\u00fcrnberger Jugendamt (2015) unterst\u00fctzt um konkrete Vorhaben mit Langzeitwirkungen\u00a0zu erm\u00f6glichen.<\/p>\n<p>&nbsp;<\/p>\n<p>In diesem Jahr ging der Erl\u00f6s der Veranstaltung\u00a0an Schlupfwinkel e.V.<\/p>\n<p>&nbsp;<\/p>\n<p><img class=\"ngg_displayed_gallery mceItem\" src=\"http:\/\/entencup.de\/nextgen-attach_to_post\/preview\/id--720\" data-mce-placeholder=\"1\" \/><\/p>\n<p>&nbsp;<\/p>\n<p>Wir danken Martin Cernan (<a href=\"http:\/\/www.martin-cernan.de\/\">http:\/\/www.martin-cernan.de\/<\/a>) f\u00fcr die erneute Moderation der Veranstaltung.<\/p>\n<p>&nbsp;<\/p>\n<p><a class=\"shutterset_\" title=\" \" href=\"http:\/\/entencup.de\/wp-content\/gallery\/entencup-2013\/entencup2013069.jpg\" data-description=\" \" data-title=\"entencup2013069\" data-thumbnail=\"http:\/\/entencup.de\/wp-content\/gallery\/entencup-2013\/thumbs\/thumbs_entencup2013069.jpg\" data-src=\"http:\/\/entencup.de\/wp-content\/gallery\/entencup-2013\/entencup2013069.jpg\" data-image-id=\"247\"><img loading=\"lazy\" class=\"ngg-singlepic ngg-center aligncenter\" src=\"http:\/\/entencup.de\/wp-content\/gallery\/entencup-2013\/entencup2013069.jpg\" alt=\"entencup2013069\" width=\"300\" height=\"225\" \/><\/a><\/p>\n<p>&nbsp;<\/p>\n<p>&nbsp;<\/p>\n","protected":false},"excerpt":{"rendered":"<p>Mit dem Nu\u0308rnberger Lions Entencup werden allj\u00e4hrlich besondere Projekte im Gro\u00dfraum Nu\u0308rnberg unterstu\u0308tzt.\u00a0In den letzten Jahren wurden\u00a0 der Tiergarten Nu\u0308rnberg (2011), die Tafel Nu\u0308rnberg e.V.\u00a0(2012), das Kinderhospizteam Nu\u0308rnberg e.V. (2013), \u00a0das Kinderhaus N\u00fcrnberg gGmbH (2014) und das N\u00fcrnberger Jugendamt (2015) unterst\u00fctzt um konkrete Vorhaben mit Langzeitwirkungen\u00a0zu erm\u00f6glichen. &nbsp; In diesem Jahr ging der Erl\u00f6s der [&hellip;]<\/p>\n","protected":false},"author":1,"featured_media":0,"parent":0,"menu_order":0,"comment_status":"closed","ping_status":"closed","template":"","meta":[],"_links":{"self":[{"href":"https:\/\/entencup.de\/index.php?rest_route=\/wp\/v2\/pages\/570"}],"collection":[{"href":"https:\/\/entencup.de\/index.php?rest_route=\/wp\/v2\/pages"}],"about":[{"href":"https:\/\/entencup.de\/index.php?rest_route=\/wp\/v2\/types\/page"}],"author":[{"embeddable":true,"href":"https:\/\/entencup.de\/index.php?rest_route=\/wp\/v2\/users\/1"}],"replies":[{"embeddable":true,"href":"https:\/\/entencup.de\/index.php?rest_route=%2Fwp%2Fv2%2Fcomments&post=570"}],"version-history":[{"count":11,"href":"https:\/\/entencup.de\/index.php?rest_route=\/wp\/v2\/pages\/570\/revisions"}],"predecessor-version":[{"id":729,"href":"https:\/\/entencup.de\/index.php?rest_route=\/wp\/v2\/pages\/570\/revisions\/729"}],"wp:attachment":[{"href":"https:\/\/entencup.de\/index.php?rest_route=%2Fwp%2Fv2%2Fmedia&parent=570"}],"curies":[{"name":"wp","href":"https:\/\/api.w.org\/{rel}","templated":true}]}}