{"id":247,"date":"2012-03-19T18:02:23","date_gmt":"2012-03-19T18:02:23","guid":{"rendered":"http:\/\/entencup.de\/?page_id=247"},"modified":"2012-08-13T08:48:16","modified_gmt":"2012-08-13T08:48:16","slug":"entencup-2012","status":"publish","type":"page","link":"https:\/\/entencup.de\/?page_id=247","title":{"rendered":"Entencup 2012"},"content":{"rendered":"<p>Der\u00a0 2. N\u00fcrnberger Lions Entencup 2012 war ein voller Erfolg ! \u2013 vielen herzlichen Dank an alle, die mitgeholfen haben, dass in diesem Jahr 5.000 Rennenten auf der Pegnitz starten konnten. So konnten die N\u00fcrnberger Lions Clubs Metropolregion, Meistersinger und Sigena in Anwessenheit des Schirmherren Dr. G\u00fcnther Beckstein, an die \u00a0<a title=\"N\u00fcrnberger Tafel e.V.\" href=\"http:\/\/www.nuernberger-tafel.de\/\">N\u00fcrnberger Tafel e.V.<\/a>\u00a0vertreten durch Herrn A. Ziegler und sein Team, den stolzen Betrag von 17.000 Euro \u00fcberreichen. Dank des Engagements der vielen Unterst\u00fctzer, Helfer und \u201eEnteneltern\u201c kann damit die Arbeit der N\u00fcrnberger Tafel e.V. aktiv unterst\u00fctzt werden.<\/p>\n<figure id=\"attachment_302\" aria-describedby=\"caption-attachment-302\" style=\"width: 640px\" class=\"wp-caption aligncenter\"><a href=\"http:\/\/entencup.de\/wp-content\/uploads\/scheckuebergabe_fb.jpg\"><img loading=\"lazy\" class=\"size-large wp-image-302\" title=\"Scheck\u00fcbergabe\" src=\"http:\/\/entencup.de\/wp-content\/uploads\/scheckuebergabe_fb-1024x1006.jpg\" alt=\"Scheck\u00fcbergabe\" width=\"640\" height=\"628\" \/><\/a><figcaption id=\"caption-attachment-302\" class=\"wp-caption-text\">Schirmherr Dr. G\u00fcnther Beckstein, die Pr\u00e4sidenten der Lions Clubs Dr. Michael Sauter, Carmen A. Rieger und Dr. Helmut Keese \u00fcbergeben die erzielte Spende von 17.000 Euro an Albert Ziegler von der Tafel N\u00fcrnberg e.V.<\/figcaption><\/figure>\n<p>Die ersch\u00f6pften Enten sind erfolgreich angekommen, die Gewinne und Startnummern der schnellsten 200 Enten finden Sie \u00a0<a title=\"Gewinne\" href=\"http:\/\/entencup.de\/?page_id=274\">hier\u00a0<\/a><\/p>\n<p>&nbsp;<\/p>\n<figure id=\"attachment_303\" aria-describedby=\"caption-attachment-303\" style=\"width: 300px\" class=\"wp-caption aligncenter\"><a href=\"http:\/\/entencup.de\/wp-content\/uploads\/Zieleinlauf.jpg\"><img loading=\"lazy\" class=\"size-medium wp-image-303\" title=\"Zieleinlauf der Gewinnerente\" src=\"http:\/\/entencup.de\/wp-content\/uploads\/Zieleinlauf-300x200.jpg\" alt=\"Zieleinlauf der Gewinnerente\" width=\"300\" height=\"200\" \/><\/a><figcaption id=\"caption-attachment-303\" class=\"wp-caption-text\">Zieleinlauf der Gewinnerente<\/figcaption><\/figure>\n<p>Wir bedanken uns sehr herzlich und freuen uns auf den 3. N\u00fcrnberger Entencup im Sommer 2013. Bleiben Sie uns treu, schauen Sie wieder vorbei. oder nutzen Sie unseren Newsletter auf der rechten Seite.<\/p>\n<p>Weitere Bilder von 2012 folgen in K\u00fcrze.<br \/>\nSie waren beim Entencup 2012 und haben gute Bilder die Sie uns zur Verf\u00fcgung stellen w\u00fcrden? \u00a0Wir freuen uns \u00fcber\u00a0<a title=\"Kontakt\" href=\"http:\/\/entencup.de\/?page_id=7\">Kontakt<\/a>\u00a0mit Ihnen.<\/p>\n<p>Eine Bildershow vom ersten Lions Entencup 2011 finden Sie <a title=\"vergangene Entencups\" href=\"http:\/\/entencup.de\/?page_id=237\">hier<\/a>.<\/p>\n<p>Sie haben Lust, den Lions Entencup als Sponsor oder Partner zu unterst\u00fctzen?<br \/>\nWir freuen uns \u00fcber <a title=\"Kontakt\" href=\"http:\/\/entencup.de\/?page_id=7\">Kontakt<\/a> mit Ihnen.<\/p>\n<p style=\"text-align: center;\">[imagebrowser id=1]<\/p>\n<p>&nbsp;<\/p>\n","protected":false},"excerpt":{"rendered":"<p>Der\u00a0 2. N\u00fcrnberger Lions Entencup 2012 war ein voller Erfolg ! \u2013 vielen herzlichen Dank an alle, die mitgeholfen haben, dass in diesem Jahr 5.000 Rennenten auf der Pegnitz starten konnten. So konnten die N\u00fcrnberger Lions Clubs Metropolregion, Meistersinger und Sigena in Anwessenheit des Schirmherren Dr. G\u00fcnther Beckstein, an die \u00a0N\u00fcrnberger Tafel e.V.\u00a0vertreten durch Herrn [&hellip;]<\/p>\n","protected":false},"author":1,"featured_media":0,"parent":0,"menu_order":0,"comment_status":"closed","ping_status":"closed","template":"","meta":[],"_links":{"self":[{"href":"https:\/\/entencup.de\/index.php?rest_route=\/wp\/v2\/pages\/247"}],"collection":[{"href":"https:\/\/entencup.de\/index.php?rest_route=\/wp\/v2\/pages"}],"about":[{"href":"https:\/\/entencup.de\/index.php?rest_route=\/wp\/v2\/types\/page"}],"author":[{"embeddable":true,"href":"https:\/\/entencup.de\/index.php?rest_route=\/wp\/v2\/users\/1"}],"replies":[{"embeddable":true,"href":"https:\/\/entencup.de\/index.php?rest_route=%2Fwp%2Fv2%2Fcomments&post=247"}],"version-history":[{"count":10,"href":"https:\/\/entencup.de\/index.php?rest_route=\/wp\/v2\/pages\/247\/revisions"}],"predecessor-version":[{"id":256,"href":"https:\/\/entencup.de\/index.php?rest_route=\/wp\/v2\/pages\/247\/revisions\/256"}],"wp:attachment":[{"href":"https:\/\/entencup.de\/index.php?rest_route=%2Fwp%2Fv2%2Fmedia&parent=247"}],"curies":[{"name":"wp","href":"https:\/\/api.w.org\/{rel}","templated":true}]}}