{"id":237,"date":"2012-03-19T17:52:55","date_gmt":"2012-03-19T17:52:55","guid":{"rendered":"http:\/\/entencup.de\/?page_id=237"},"modified":"2014-02-27T16:13:46","modified_gmt":"2014-02-27T16:13:46","slug":"vergangene-entencups","status":"publish","type":"page","link":"https:\/\/entencup.de\/?page_id=237","title":{"rendered":"vergangene Entencups"},"content":{"rendered":"<p><a title=\"Entencup 2013\" href=\"http:\/\/entencup.de\/\">Entencup 2013 zugunsten Hospizteam N\u00fcrnberg e.V.<\/a><\/p>\n<p><a title=\"Entencup 2013\" href=\"http:\/\/entencup.de\/\">Entencup 2012 zugunsten Tafel N\u00fcrnberg e.V.<\/a><\/p>\n<p><a title=\"Entencup 2011\" href=\"http:\/\/entencup.de\/vergangene-entencups\/beispiel-seite\/\">Entencup 2011 zugunsten Projekt Kleinbahn Tiergarten N\u00fcrnberg<\/a><\/p>\n<p><a title=\"Entencup 2011\" href=\"http:\/\/entencup.de\/vergangene-entencups\/beispiel-seite\/\">\u00a0<\/a><\/p>\n<p>&nbsp;<\/p>\n<p>&nbsp;<\/p>\n<p>[youtube_sc url=http:\/\/www.youtube.com\/watch?v=pSlrAdh79dI]<\/p>\n","protected":false},"excerpt":{"rendered":"<p>Entencup 2013 zugunsten Hospizteam N\u00fcrnberg e.V. Entencup 2012 zugunsten Tafel N\u00fcrnberg e.V. Entencup 2011 zugunsten Projekt Kleinbahn Tiergarten N\u00fcrnberg \u00a0 &nbsp; &nbsp; [youtube_sc url=http:\/\/www.youtube.com\/watch?v=pSlrAdh79dI]<\/p>\n","protected":false},"author":1,"featured_media":0,"parent":0,"menu_order":0,"comment_status":"closed","ping_status":"closed","template":"","meta":[],"_links":{"self":[{"href":"https:\/\/entencup.de\/index.php?rest_route=\/wp\/v2\/pages\/237"}],"collection":[{"href":"https:\/\/entencup.de\/index.php?rest_route=\/wp\/v2\/pages"}],"about":[{"href":"https:\/\/entencup.de\/index.php?rest_route=\/wp\/v2\/types\/page"}],"author":[{"embeddable":true,"href":"https:\/\/entencup.de\/index.php?rest_route=\/wp\/v2\/users\/1"}],"replies":[{"embeddable":true,"href":"https:\/\/entencup.de\/index.php?rest_route=%2Fwp%2Fv2%2Fcomments&post=237"}],"version-history":[{"count":8,"href":"https:\/\/entencup.de\/index.php?rest_route=\/wp\/v2\/pages\/237\/revisions"}],"predecessor-version":[{"id":473,"href":"https:\/\/entencup.de\/index.php?rest_route=\/wp\/v2\/pages\/237\/revisions\/473"}],"wp:attachment":[{"href":"https:\/\/entencup.de\/index.php?rest_route=%2Fwp%2Fv2%2Fmedia&parent=237"}],"curies":[{"name":"wp","href":"https:\/\/api.w.org\/{rel}","templated":true}]}}