{"id":2041,"date":"2018-07-07T18:41:29","date_gmt":"2018-07-07T16:41:29","guid":{"rendered":"https:\/\/entencup.de\/?page_id=2041"},"modified":"2018-07-17T16:13:34","modified_gmt":"2018-07-17T14:13:34","slug":"gewinner-2018","status":"publish","type":"page","link":"https:\/\/entencup.de\/?page_id=2041","title":{"rendered":"Gewinner 2018"},"content":{"rendered":"<p>Der 8. N\u00fcrnberger Entencup 2018 ist beendet, die Gewinner stehen fest:<\/p>\n<p>&nbsp;<\/p>\n<table cellspacing=\"0\" cellpadding=\"0\">\n<tbody>\n<tr>\n<td colspan=\"2\" align=\"left\">Platznummer:<\/td>\n<td width=\"151\">\n<div align=\"right\">Adoptionsscheinnummer:<\/div>\n<\/td>\n<\/tr>\n<tr>\n<td align=\"left\" width=\"178\">1<\/td>\n<td width=\"65\">\n<div>Rundflug \u00fcber N\u00fcrnberg f\u00fcr 2 Personen,&nbsp;&nbsp; Pittroff GmbH &amp;   Co. KG<\/div>\n<\/td>\n<td align=\"right\" width=\"65\">2138<\/td>\n<\/tr>\n<tr>\n<td align=\"left\">2<\/td>\n<td>\n<div>K\u00e4rcher Hochdruckreiniger K7 Premium mit&nbsp;&nbsp; Zubeh\u00f6r&nbsp; ERNST   M\u00dcLLER GMBH<\/div>\n<\/td>\n<td align=\"right\">2879<\/td>\n<\/tr>\n<tr>\n<td align=\"left\">3<\/td>\n<td>\n<div>ein Wochenende Audi Cabrio fahren, Feser&nbsp;&nbsp; Graf Gruppe<\/div>\n<\/td>\n<td align=\"right\">554<\/td>\n<\/tr>\n<tr>\n<td align=\"left\">4<\/td>\n<td>\n<div>Damenhandtasche von Longchamp<\/div>\n<\/td>\n<td align=\"right\">1830<\/td>\n<\/tr>\n<tr>\n<td align=\"left\">5<\/td>\n<td>\n<div>Exklusivdruck N\u00fcrnberg gerahmt und signiert von Birgit Osten<\/div>\n<\/td>\n<td align=\"right\">1139<\/td>\n<\/tr>\n<tr>\n<td align=\"left\">6<\/td>\n<td>\n<div>exklusives Dekoelement von DESIGNFUNKTION<\/div>\n<\/td>\n<td align=\"right\">1439<\/td>\n<\/tr>\n<tr>\n<td align=\"left\">7<\/td>\n<td>\n<div>Kosmetikbehandlung der Mohren&nbsp;&nbsp; Apotheke<\/div>\n<\/td>\n<td align=\"right\">3085<\/td>\n<\/tr>\n<tr>\n<td align=\"left\">8<\/td>\n<td>Gutschein \u00fcber 100\u20ac von   Thomas Sabo<\/td>\n<td align=\"right\">2376<\/td>\n<\/tr>\n<tr>\n<td align=\"left\">9<\/td>\n<td width=\"65\">Milchaufsch\u00e4umer   Jura <\/td>\n<td align=\"right\">1561<\/td>\n<\/tr>\n<tr>\n<td align=\"left\">10<\/td>\n<td width=\"65\">Silberbarren   mit N\u00fcrnberg Motiv von\u00a0\u00a0 Degussa <\/td>\n<td align=\"right\">3382<\/td>\n<\/tr>\n<tr>\n<td align=\"left\">11<\/td>\n<td>\n<div>Audi Uhr<\/div>\n<\/td>\n<td align=\"right\">2135<\/td>\n<\/tr>\n<tr>\n<td align=\"left\">12<\/td>\n<td>\n<div>Monats Mobicard ab 9 Uhr Gesamtverbund&nbsp;&nbsp; VGN<\/div>\n<\/td>\n<td align=\"right\">2355<\/td>\n<\/tr>\n<tr>\n<td align=\"left\">13<\/td>\n<td>\n<div>Monats Mobicard ab 9 Uhr Gesamtverbund&nbsp;&nbsp; VGN<\/div>\n<\/td>\n<td align=\"right\">1615<\/td>\n<\/tr>\n<tr>\n<td align=\"left\">14<\/td>\n<td> Edle B\u00fcro Filztaschen von M&amp;K Filze<\/td>\n<td align=\"right\">3952<\/td>\n<\/tr>\n<tr>\n<td align=\"left\">15<\/td>\n<td> Edle B\u00fcro Filztaschen von M&amp;K Filze<\/td>\n<td align=\"right\">2251<\/td>\n<\/tr>\n<tr>\n<td align=\"left\">16<\/td>\n<td> Edle B\u00fcro Filztaschen von M&amp;K Filze<\/td>\n<td align=\"right\">1959<\/td>\n<\/tr>\n<tr>\n<td align=\"left\">17<\/td>\n<td>\n<div>K\u00e4rcher Akku Fenstersauger WV5 Premium&nbsp;&nbsp; plus Jubil\u00e4ums   Edition mit Zubeh\u00f6r ERNST M\u00dcLLER GMBH<\/div>\n<\/td>\n<td align=\"right\">438<\/td>\n<\/tr>\n<tr>\n<td align=\"left\">18<\/td>\n<td>\n<div>K\u00e4rcher Akku Fenstersauger WV5 Premium&nbsp;&nbsp; plus Jubil\u00e4ums   Edition mit Zubeh\u00f6r ERNST M\u00dcLLER GMBH<\/div>\n<\/td>\n<td align=\"right\">3414<\/td>\n<\/tr>\n<tr>\n<td align=\"left\">19<\/td>\n<td>\n<div>K\u00e4rcher Akku Fenstersauger WV5 Premium&nbsp;&nbsp; plus Jubil\u00e4ums   Edition mit Zubeh\u00f6r ERNST M\u00dcLLER GMBH<\/div>\n<\/td>\n<td align=\"right\">2220<\/td>\n<\/tr>\n<tr>\n<td align=\"left\">20<\/td>\n<td>\n<div>K\u00e4rcher Akku Fenstersauger WV5 Premium&nbsp;&nbsp; plus Jubil\u00e4ums   Edition mit Zubeh\u00f6r ERNST M\u00dcLLER GMBH<\/div>\n<\/td>\n<td align=\"right\">315<\/td>\n<\/tr>\n<tr>\n<td align=\"left\">21<\/td>\n<td>\n<div>Modellhubschrauber fernsteuerbar von&nbsp;&nbsp; Starkid<\/div>\n<\/td>\n<td align=\"right\">1083<\/td>\n<\/tr>\n<tr>\n<td align=\"left\">22<\/td>\n<td>\n<div>Modellhubschrauber fernsteuerbar von&nbsp;&nbsp; Starkid<\/div>\n<\/td>\n<td align=\"right\">1861<\/td>\n<\/tr>\n<tr>\n<td align=\"left\">23<\/td>\n<td>\n<div>Modellhubschrauber fernsteuerbar von&nbsp;&nbsp; Starkid<\/div>\n<\/td>\n<td align=\"right\">2935<\/td>\n<\/tr>\n<tr>\n<td align=\"left\">24<\/td>\n<td>\n<div>Modellhubschrauber fernsteuerbar von&nbsp;&nbsp; Starkid<\/div>\n<\/td>\n<td align=\"right\">915<\/td>\n<\/tr>\n<tr>\n<td align=\"left\">25<\/td>\n<td>\n<div>Bummelpass im Jahreskrug N\u00fcrnberger&nbsp;&nbsp; Volksfest<\/div>\n<\/td>\n<td align=\"right\">3780<\/td>\n<\/tr>\n<tr>\n<td align=\"left\">26<\/td>\n<td>\n<div>Bummelpass im Jahreskrug N\u00fcrnberger&nbsp;&nbsp; Volksfest<\/div>\n<\/td>\n<td align=\"right\">3453<\/td>\n<\/tr>\n<tr>\n<td align=\"left\">27<\/td>\n<td>\n<div>Bummelpass im Jahreskrug N\u00fcrnberger&nbsp;&nbsp; Volksfest<\/div>\n<\/td>\n<td align=\"right\">2603<\/td>\n<\/tr>\n<tr>\n<td align=\"left\">28<\/td>\n<td>\n<div>Rundflug \u00fcber N\u00fcrnberg f\u00fcr 2 Personen,&nbsp;&nbsp; Pittroff GmbH &amp;   Co. KG<\/div>\n<\/td>\n<td align=\"right\">827<\/td>\n<\/tr>\n<tr>\n<td align=\"left\">29<\/td>\n<td>\n<div>Silberbarren mit N\u00fcrnberg Motiv von&nbsp;&nbsp; Degussa<\/div>\n<\/td>\n<td align=\"right\">2055<\/td>\n<\/tr>\n<tr>\n<td align=\"left\">30<\/td>\n<td>\n<div>Silberbarren mit N\u00fcrnberg Motiv von&nbsp;&nbsp; Degussa<\/div>\n<\/td>\n<td align=\"right\">508<\/td>\n<\/tr>\n<tr>\n<td align=\"left\">31<\/td>\n<td>\n<div>Silberbarren mit N\u00fcrnberg Motiv von&nbsp;&nbsp; Degussa<\/div>\n<\/td>\n<td align=\"right\">3521<\/td>\n<\/tr>\n<tr>\n<td align=\"left\">32<\/td>\n<td>\n<div>K\u00e4rcher Hartbodenreiniger FC5 Premium mit&nbsp;&nbsp; Zubeh\u00f6r ERNST   M\u00dcLLER GMBH<\/div>\n<\/td>\n<td align=\"right\">1800<\/td>\n<\/tr>\n<tr>\n<td align=\"left\">33<\/td>\n<td>\n<div>Fr\u00fchst\u00fccksgutschein der Confiserie Neef<\/div>\n<\/td>\n<td align=\"right\">3239<\/td>\n<\/tr>\n<tr>\n<td align=\"left\">34<\/td>\n<td>\n<div>Fr\u00fchst\u00fccksgutschein der Confiserie Neef<\/div>\n<\/td>\n<td align=\"right\">3482<\/td>\n<\/tr>\n<tr>\n<td align=\"left\">35<\/td>\n<td>\n<div>Fr\u00fchst\u00fccksgutschein der Confiserie Neef<\/div>\n<\/td>\n<td align=\"right\">378<\/td>\n<\/tr>\n<tr>\n<td align=\"left\">36<\/td>\n<td>\n<div>Fu\u00dfpflege der Mohren Apotheke<\/div>\n<\/td>\n<td align=\"right\">3205<\/td>\n<\/tr>\n<tr>\n<td align=\"left\">37<\/td>\n<td>\n<div>Fu\u00dfpflege der Mohren Apotheke<\/div>\n<\/td>\n<td align=\"right\">1732<\/td>\n<\/tr>\n<tr>\n<td align=\"left\">38<\/td>\n<td>\n<div>Fahrrad Kinderhelm von Uvex<\/div>\n<\/td>\n<td align=\"right\">2918<\/td>\n<\/tr>\n<tr>\n<td align=\"left\">39<\/td>\n<td>\n<div>Dekoelement oder Windlicht von&nbsp;&nbsp; DESIGNFUNKTION<\/div>\n<\/td>\n<td align=\"right\">3723<\/td>\n<\/tr>\n<tr>\n<td align=\"left\">40<\/td>\n<td>\n<div>Dekoelement oder Windlicht von&nbsp;&nbsp; DESIGNFUNKTION<\/div>\n<\/td>\n<td align=\"right\">2875<\/td>\n<\/tr>\n<tr>\n<td align=\"left\">41<\/td>\n<td>\n<div>Damenhandtasche von Longchamp<\/div>\n<\/td>\n<td align=\"right\">3335<\/td>\n<\/tr>\n<tr>\n<td align=\"left\">42<\/td>\n<td>\n<div>EM Fu\u00dfb\u00e4lle von Adidas<\/div>\n<\/td>\n<td align=\"right\">1772<\/td>\n<\/tr>\n<tr>\n<td align=\"left\">43<\/td>\n<td>\n<div>EM Fu\u00dfb\u00e4lle von Adidas<\/div>\n<\/td>\n<td align=\"right\">1246<\/td>\n<\/tr>\n<tr>\n<td align=\"left\">44<\/td>\n<td>\n<div>EM Fu\u00dfb\u00e4lle von Adidas<\/div>\n<\/td>\n<td align=\"right\">1660<\/td>\n<\/tr>\n<tr>\n<td align=\"left\">45<\/td>\n<td>\n<div>EM Fu\u00dfb\u00e4lle von Adidas<\/div>\n<\/td>\n<td align=\"right\">1081<\/td>\n<\/tr>\n<tr>\n<td align=\"left\">46<\/td>\n<td>\n<div>EM Fu\u00dfb\u00e4lle von Adidas<\/div>\n<\/td>\n<td align=\"right\">1174<\/td>\n<\/tr>\n<tr>\n<td align=\"left\">47<\/td>\n<td>\n<div>EM Fu\u00dfb\u00e4lle von Adidas<\/div>\n<\/td>\n<td align=\"right\">653<\/td>\n<\/tr>\n<tr>\n<td align=\"left\">48<\/td>\n<td>\n<div>EM Fu\u00dfb\u00e4lle von Adidas<\/div>\n<\/td>\n<td align=\"right\">584<\/td>\n<\/tr>\n<tr>\n<td align=\"left\">49<\/td>\n<td>\n<div>EM Fu\u00dfb\u00e4lle von Adidas<\/div>\n<\/td>\n<td align=\"right\">3263<\/td>\n<\/tr>\n<tr>\n<td align=\"left\">50<\/td>\n<td>\n<div>Lava W\u00e4rmekissen PHYSIOTHERM<\/div>\n<\/td>\n<td align=\"right\">2523<\/td>\n<\/tr>\n<tr>\n<td align=\"left\">51<\/td>\n<td>\n<div>Lava W\u00e4rmekissen PHYSIOTHERM<\/div>\n<\/td>\n<td align=\"right\">3455<\/td>\n<\/tr>\n<tr>\n<td align=\"left\">52<\/td>\n<td>\n<div>Lava W\u00e4rmekissen PHYSIOTHERM<\/div>\n<\/td>\n<td align=\"right\">149<\/td>\n<\/tr>\n<tr>\n<td align=\"left\">53<\/td>\n<td>\n<div>Lava W\u00e4rmekissen PHYSIOTHERM<\/div>\n<\/td>\n<td align=\"right\">1006<\/td>\n<\/tr>\n<tr>\n<td align=\"left\">54<\/td>\n<td>\n<div>Lava W\u00e4rmekissen PHYSIOTHERM<\/div>\n<\/td>\n<td align=\"right\">357<\/td>\n<\/tr>\n<tr>\n<td align=\"left\">55<\/td>\n<td>\n<div>Lava W\u00e4rmekissen PHYSIOTHERM<\/div>\n<\/td>\n<td align=\"right\">1795<\/td>\n<\/tr>\n<tr>\n<td align=\"left\">56<\/td>\n<td>\n<div>Lava W\u00e4rmekissen PHYSIOTHERM<\/div>\n<\/td>\n<td align=\"right\">973<\/td>\n<\/tr>\n<tr>\n<td align=\"left\">57<\/td>\n<td>\n<div>Lava W\u00e4rmekissen PHYSIOTHERM<\/div>\n<\/td>\n<td align=\"right\">3203<\/td>\n<\/tr>\n<tr>\n<td align=\"left\">58<\/td>\n<td>\n<div>Lava W\u00e4rmekissen PHYSIOTHERM<\/div>\n<\/td>\n<td align=\"right\">1835<\/td>\n<\/tr>\n<tr>\n<td align=\"left\">59<\/td>\n<td>\n<div>Lava W\u00e4rmekissen PHYSIOTHERM<\/div>\n<\/td>\n<td align=\"right\">2513<\/td>\n<\/tr>\n<tr>\n<td align=\"left\">60<\/td>\n<td>\n<div>Lava W\u00e4rmekissen PHYSIOTHERM<\/div>\n<\/td>\n<td align=\"right\">413<\/td>\n<\/tr>\n<tr>\n<td align=\"left\">61<\/td>\n<td>\n<div>Lava W\u00e4rmekissen PHYSIOTHERM<\/div>\n<\/td>\n<td align=\"right\">3413<\/td>\n<\/tr>\n<tr>\n<td align=\"left\">62<\/td>\n<td>\n<div>Lava W\u00e4rmekissen PHYSIOTHERM<\/div>\n<\/td>\n<td align=\"right\">1887<\/td>\n<\/tr>\n<tr>\n<td align=\"left\">63<\/td>\n<td>\n<div>Lava W\u00e4rmekissen PHYSIOTHERM<\/div>\n<\/td>\n<td align=\"right\">3360<\/td>\n<\/tr>\n<tr>\n<td align=\"left\">64<\/td>\n<td>\n<div>Lava W\u00e4rmekissen PHYSIOTHERM<\/div>\n<\/td>\n<td align=\"right\">2336<\/td>\n<\/tr>\n<tr>\n<td align=\"left\">65<\/td>\n<td>\n<div>Lava W\u00e4rmekissen PHYSIOTHERM<\/div>\n<\/td>\n<td align=\"right\">1817<\/td>\n<\/tr>\n<tr>\n<td align=\"left\">66<\/td>\n<td>\n<div>Ministeck Puzzle<\/div>\n<\/td>\n<td align=\"right\">866<\/td>\n<\/tr>\n<tr>\n<td align=\"left\">67<\/td>\n<td>\n<div>Ministeck Puzzle<\/div>\n<\/td>\n<td align=\"right\">3822<\/td>\n<\/tr>\n<tr>\n<td align=\"left\">68<\/td>\n<td>\n<div>Ministeck Puzzle<\/div>\n<\/td>\n<td align=\"right\">2348<\/td>\n<\/tr>\n<tr>\n<td align=\"left\">69<\/td>\n<td>\n<div>Ministeck Puzzle<\/div>\n<\/td>\n<td align=\"right\">1717<\/td>\n<\/tr>\n<tr>\n<td align=\"left\">70<\/td>\n<td>\n<div>Ministeck Puzzle<\/div>\n<\/td>\n<td align=\"right\">1653<\/td>\n<\/tr>\n<tr>\n<td align=\"left\">71<\/td>\n<td>\n<div>Ministeck Puzzle<\/div>\n<\/td>\n<td align=\"right\">2880<\/td>\n<\/tr>\n<tr>\n<td align=\"left\">72<\/td>\n<td>\n<div>Ministeck Puzzle<\/div>\n<\/td>\n<td align=\"right\">728<\/td>\n<\/tr>\n<tr>\n<td align=\"left\">73<\/td>\n<td>\n<div>Ministeck Puzzle<\/div>\n<\/td>\n<td align=\"right\">1480<\/td>\n<\/tr>\n<tr>\n<td align=\"left\">74<\/td>\n<td>\n<div>Handb\u00e4lle von Adidas<\/div>\n<\/td>\n<td align=\"right\">3691<\/td>\n<\/tr>\n<tr>\n<td align=\"left\">75<\/td>\n<td>\n<div>Handb\u00e4lle von Adidas<\/div>\n<\/td>\n<td align=\"right\">3834<\/td>\n<\/tr>\n<tr>\n<td align=\"left\">76<\/td>\n<td>\n<div>Handb\u00e4lle von Adidas<\/div>\n<\/td>\n<td align=\"right\">2140<\/td>\n<\/tr>\n<tr>\n<td align=\"left\">77<\/td>\n<td width=\"65\">Adidas Give Aways <\/td>\n<td align=\"right\">1631<\/td>\n<\/tr>\n<tr>\n<td align=\"left\">78<\/td>\n<td>\n<div>Adidas Give Aways<\/div>\n<\/td>\n<td align=\"right\">1261<\/td>\n<\/tr>\n<tr>\n<td align=\"left\">79<\/td>\n<td>\n<div>Adidas Give Aways<\/div>\n<\/td>\n<td align=\"right\">1153<\/td>\n<\/tr>\n<tr>\n<td align=\"left\">80<\/td>\n<td>\n<div>Adidas Give Aways<\/div>\n<\/td>\n<td align=\"right\">2745<\/td>\n<\/tr>\n<tr>\n<td align=\"left\">81<\/td>\n<td>\n<div>Adidas Give Aways<\/div>\n<\/td>\n<td align=\"right\">2812<\/td>\n<\/tr>\n<tr>\n<td align=\"left\">82<\/td>\n<td>\n<div>Autozubeh\u00f6r von VW und Audi, z.B: Sporttasche,&nbsp;&nbsp;   Picknickdecke,<\/div>\n<\/td>\n<td align=\"right\">2678<\/td>\n<\/tr>\n<tr>\n<td align=\"left\">83<\/td>\n<td>\n<div>Autozubeh\u00f6r von VW und Audi, z.B: Sporttasche,&nbsp;&nbsp;   Picknickdecke,<\/div>\n<\/td>\n<td align=\"right\">1322<\/td>\n<\/tr>\n<tr>\n<td align=\"left\">84<\/td>\n<td>\n<div>Autozubeh\u00f6r von VW und Audi, z.B: Sporttasche,&nbsp;&nbsp;   Picknickdecke,<\/div>\n<\/td>\n<td align=\"right\">3700<\/td>\n<\/tr>\n<tr>\n<td align=\"left\">85<\/td>\n<td>\n<div>Autozubeh\u00f6r von VW und Audi, z.B: Sporttasche,&nbsp;&nbsp;   Picknickdecke,<\/div>\n<\/td>\n<td align=\"right\">1865<\/td>\n<\/tr>\n<tr>\n<td align=\"left\">86<\/td>\n<td>\n<div>Autozubeh\u00f6r von VW und Audi, z.B: Sporttasche,&nbsp;&nbsp;   Picknickdecke,<\/div>\n<\/td>\n<td align=\"right\">3058<\/td>\n<\/tr>\n<tr>\n<td align=\"left\">87<\/td>\n<td>\n<div>Autozubeh\u00f6r von VW und Audi, z.B: Sporttasche,&nbsp;&nbsp;   Picknickdecke,<\/div>\n<\/td>\n<td align=\"right\">3960<\/td>\n<\/tr>\n<tr>\n<td align=\"left\">88<\/td>\n<td>\n<div>Markenmemory Adidas<\/div>\n<\/td>\n<td align=\"right\">197<\/td>\n<\/tr>\n<tr>\n<td align=\"left\">89<\/td>\n<td>\n<div>Markenmemory Adidas<\/div>\n<\/td>\n<td align=\"right\">2097<\/td>\n<\/tr>\n<tr>\n<td align=\"left\">90<\/td>\n<td>\n<div>Markenmemory Adidas<\/div>\n<\/td>\n<td align=\"right\">122<\/td>\n<\/tr>\n<tr>\n<td align=\"left\">91<\/td>\n<td>\n<div>Markenmemory Adidas<\/div>\n<\/td>\n<td align=\"right\">688<\/td>\n<\/tr>\n<tr>\n<td align=\"left\">92<\/td>\n<td>\n<div>Markenmemory Adidas<\/div>\n<\/td>\n<td align=\"right\">847<\/td>\n<\/tr>\n<tr>\n<td align=\"left\">93<\/td>\n<td>\n<div>Fr\u00fchst\u00fccksgutschein von Confiserie Neef<\/div>\n<\/td>\n<td align=\"right\">2982<\/td>\n<\/tr>\n<tr>\n<td align=\"left\">94<\/td>\n<td>\n<div>Fr\u00fchst\u00fccksgutschein von Confiserie Neef<\/div>\n<\/td>\n<td align=\"right\">2584<\/td>\n<\/tr>\n<tr>\n<td align=\"left\">95<\/td>\n<td>\n<div>Fr\u00fchst\u00fccksgutschein von Confiserie Neef<\/div>\n<\/td>\n<td align=\"right\">1945<\/td>\n<\/tr>\n<tr>\n<td align=\"left\">96<\/td>\n<td>\n<div>Fr\u00fchst\u00fccksgutschein von Confiserie Neef<\/div>\n<\/td>\n<td align=\"right\">904<\/td>\n<\/tr>\n<tr>\n<td align=\"left\">97<\/td>\n<td width=\"65\">Milchaufsch\u00e4umer   von Jura <\/td>\n<td align=\"right\">3241<\/td>\n<\/tr>\n<tr>\n<td align=\"left\">98<\/td>\n<td>\n<div>Glossybox von Glossybox.de<\/div>\n<\/td>\n<td align=\"right\">2052<\/td>\n<\/tr>\n<tr>\n<td align=\"left\">99<\/td>\n<td>\n<div>Glossybox von Glossybox.de<\/div>\n<\/td>\n<td align=\"right\">1559<\/td>\n<\/tr>\n<tr>\n<td align=\"left\">100<\/td>\n<td>Glossybox von Glossybox.de<\/td>\n<td align=\"right\">2503<\/td>\n<\/tr>\n<tr>\n<td align=\"left\">101<\/td>\n<td>Glossybox von Glossybox.de<\/td>\n<td align=\"right\">2353<\/td>\n<\/tr>\n<tr>\n<td align=\"left\">102<\/td>\n<td>Glossybox von Glossybox.de<\/td>\n<td align=\"right\">85<\/td>\n<\/tr>\n<tr>\n<td align=\"left\">103<\/td>\n<td>Glossybox von Glossybox.de<\/td>\n<td align=\"right\">3388<\/td>\n<\/tr>\n<tr>\n<td align=\"left\">104<\/td>\n<td>Glossybox von Glossybox.de<\/td>\n<td align=\"right\">963<\/td>\n<\/tr>\n<tr>\n<td align=\"left\">105<\/td>\n<td>Glossybox von Glossybox.de<\/td>\n<td align=\"right\">3132<\/td>\n<\/tr>\n<tr>\n<td align=\"left\">106<\/td>\n<td>Glossybox von Glossybox.de<\/td>\n<td align=\"right\">850<\/td>\n<\/tr>\n<tr>\n<td align=\"left\">107<\/td>\n<td>Glossybox von Glossybox.de<\/td>\n<td align=\"right\">2813<\/td>\n<\/tr>\n<tr>\n<td align=\"left\">108<\/td>\n<td>Glossybox von Glossybox.de<\/td>\n<td align=\"right\">3035<\/td>\n<\/tr>\n<tr>\n<td align=\"left\">109<\/td>\n<td>Glossybox von Glossybox.de<\/td>\n<td align=\"right\">3540<\/td>\n<\/tr>\n<tr>\n<td align=\"left\">110<\/td>\n<td>Glossybox von Glossybox.de<\/td>\n<td align=\"right\">1639<\/td>\n<\/tr>\n<tr>\n<td align=\"left\">111<\/td>\n<td>Glossybox von Glossybox.de<\/td>\n<td align=\"right\">2089<\/td>\n<\/tr>\n<tr>\n<td align=\"left\">112<\/td>\n<td>Glossybox von Glossybox.de<\/td>\n<td align=\"right\">3216<\/td>\n<\/tr>\n<tr>\n<td align=\"left\">113<\/td>\n<td>Glossybox von Glossybox.de<\/td>\n<td align=\"right\">3211<\/td>\n<\/tr>\n<tr>\n<td align=\"left\">114<\/td>\n<td>Glossybox von Glossybox.de<\/td>\n<td align=\"right\">2596<\/td>\n<\/tr>\n<tr>\n<td align=\"left\">115<\/td>\n<td>Glossybox von Glossybox.de<\/td>\n<td align=\"right\">1519<\/td>\n<\/tr>\n<tr>\n<td align=\"left\">116<\/td>\n<td>Glossybox von Glossybox.de<\/td>\n<td align=\"right\">795<\/td>\n<\/tr>\n<tr>\n<td align=\"left\">117<\/td>\n<td>Glossybox von Glossybox.de<\/td>\n<td align=\"right\">1400<\/td>\n<\/tr>\n<tr>\n<td align=\"left\">118<\/td>\n<td>Glossybox von Glossybox.de<\/td>\n<td align=\"right\">690<\/td>\n<\/tr>\n<tr>\n<td align=\"left\">119<\/td>\n<td>Glossybox von Glossybox.de<\/td>\n<td align=\"right\">1735<\/td>\n<\/tr>\n<tr>\n<td align=\"left\">120<\/td>\n<td>Glossybox von Glossybox.de<\/td>\n<td align=\"right\">1387<\/td>\n<\/tr>\n<tr>\n<td align=\"left\">121<\/td>\n<td>Glossybox von Glossybox.de<\/td>\n<td align=\"right\">536<\/td>\n<\/tr>\n<tr>\n<td align=\"left\">122<\/td>\n<td>Glossybox von Glossybox.de<\/td>\n<td align=\"right\">1997<\/td>\n<\/tr>\n<tr>\n<td align=\"left\">123<\/td>\n<td>Glossybox von Glossybox.de<\/td>\n<td align=\"right\">3652<\/td>\n<\/tr>\n<tr>\n<td align=\"left\">124<\/td>\n<td>Glossybox von Glossybox.de<\/td>\n<td align=\"right\">429<\/td>\n<\/tr>\n<tr>\n<td align=\"left\">125<\/td>\n<td>Glossybox von Glossybox.de<\/td>\n<td align=\"right\">3675<\/td>\n<\/tr>\n<tr>\n<td align=\"left\">126<\/td>\n<td>Glossybox von Glossybox.de<\/td>\n<td align=\"right\">1287<\/td>\n<\/tr>\n<tr>\n<td align=\"left\">127<\/td>\n<td>Glossybox von Glossybox.de<\/td>\n<td align=\"right\">1515<\/td>\n<\/tr>\n<tr>\n<td align=\"left\">128<\/td>\n<td>Glossybox von Glossybox.de<\/td>\n<td align=\"right\">3141<\/td>\n<\/tr>\n<tr>\n<td align=\"left\">129<\/td>\n<td>Glossybox von Glossybox.de<\/td>\n<td align=\"right\">3219<\/td>\n<\/tr>\n<tr>\n<td align=\"left\">130<\/td>\n<td>Glossybox von Glossybox.de<\/td>\n<td align=\"right\">363<\/td>\n<\/tr>\n<tr>\n<td align=\"left\">131<\/td>\n<td>Glossybox von Glossybox.de<\/td>\n<td align=\"right\">3799<\/td>\n<\/tr>\n<tr>\n<td align=\"left\">132<\/td>\n<td>Glossybox von Glossybox.de<\/td>\n<td align=\"right\">2944<\/td>\n<\/tr>\n<tr>\n<td align=\"left\">133<\/td>\n<td>Glossybox von Glossybox.de<\/td>\n<td align=\"right\">2592<\/td>\n<\/tr>\n<tr>\n<td align=\"left\">134<\/td>\n<td>Glossybox von Glossybox.de<\/td>\n<td align=\"right\">3880<\/td>\n<\/tr>\n<tr>\n<td align=\"left\">135<\/td>\n<td>Glossybox von Glossybox.de<\/td>\n<td align=\"right\">3451<\/td>\n<\/tr>\n<tr>\n<td align=\"left\">136<\/td>\n<td>Glossybox von Glossybox.de<\/td>\n<td align=\"right\">204<\/td>\n<\/tr>\n<tr>\n<td align=\"left\">137<\/td>\n<td>Glossybox von Glossybox.de<\/td>\n<td align=\"right\">2079<\/td>\n<\/tr>\n<tr>\n<td align=\"left\">138<\/td>\n<td>Glossybox von Glossybox.de<\/td>\n<td align=\"right\">3584<\/td>\n<\/tr>\n<tr>\n<td align=\"left\">139<\/td>\n<td>Glossybox von Glossybox.de<\/td>\n<td align=\"right\">1757<\/td>\n<\/tr>\n<tr>\n<td align=\"left\">140<\/td>\n<td>Glossybox von Glossybox.de<\/td>\n<td align=\"right\">2275<\/td>\n<\/tr>\n<tr>\n<td align=\"left\">141<\/td>\n<td>Glossybox von Glossybox.de<\/td>\n<td align=\"right\">2366<\/td>\n<\/tr>\n<tr>\n<td align=\"left\">142<\/td>\n<td>Glossybox von Glossybox.de<\/td>\n<td align=\"right\">2381<\/td>\n<\/tr>\n<tr>\n<td align=\"left\">143<\/td>\n<td>Glossybox von Glossybox.de<\/td>\n<td align=\"right\">203<\/td>\n<\/tr>\n<tr>\n<td align=\"left\">144<\/td>\n<td>Glossybox von Glossybox.de<\/td>\n<td align=\"right\">3355<\/td>\n<\/tr>\n<tr>\n<td align=\"left\">145<\/td>\n<td>Glossybox von Glossybox.de<\/td>\n<td align=\"right\">781<\/td>\n<\/tr>\n<tr>\n<td align=\"left\">146<\/td>\n<td>Glossybox von Glossybox.de<\/td>\n<td align=\"right\">1760<\/td>\n<\/tr>\n<tr>\n<td align=\"left\">147<\/td>\n<td>Glossybox von Glossybox.de<\/td>\n<td align=\"right\">2954<\/td>\n<\/tr>\n<tr>\n<td align=\"left\">148<\/td>\n<td>Glossybox von Glossybox.de<\/td>\n<td align=\"right\">3086<\/td>\n<\/tr>\n<tr>\n<td align=\"left\">149<\/td>\n<td>Glossybox von Glossybox.de<\/td>\n<td align=\"right\">2920<\/td>\n<\/tr>\n<tr>\n<td align=\"left\">150<\/td>\n<td>Glossybox von Glossybox.de<\/td>\n<td align=\"right\">1950<\/td>\n<\/tr>\n<\/tbody>\n<\/table>\n<p>Ihre Ente hat gewonnen? herzlichen Gl\u00fcckwunsch.<\/p>\n<p>Abholung der Preise ist ab Montag den 9. Juli in der Praxis von<br \/>\nDr. Michael Sauter<br \/>\nKarl Grillenberger Stra\u00dfe 1<br \/>\n90402 N\u00fcrnberg<br \/>\njeweils von Montag bis Freitag 08:00 &#8211; 13:00 und Mo, Di und Do 14:00 bis 17:30 m\u00f6glich.<\/p>\n<p>Informationen zur Abholung: 0911\/2405959<\/p>\n<p>Bitte haben Sie Verst\u00e4ndnis das ein Gewinnanspruch nur durch Vorlage des Original Adoptionsscheines erfolgen kann.<br \/>\nDie Gewinne m\u00fcssen bis 30.&nbsp;Oktober abgeholt werden, bis dahin nicht eingetauschte Adoptionsscheine verlieren Ihre G\u00fcltigkeit.<\/p>\n<p>Sie haben Bilder gemacht?&nbsp; Wir w\u00fcrden uns \u00fcber eine Zusendung an:<a href=\"mailto:info@entencup.de\"> info@entencup.de<\/a> sehr freuen.<\/p>\n<p>&nbsp;<\/p>\n","protected":false},"excerpt":{"rendered":"<p>Der 8. N\u00fcrnberger Entencup 2018 ist beendet, die Gewinner stehen fest: &nbsp; Platznummer: Adoptionsscheinnummer: 1 Rundflug \u00fcber N\u00fcrnberg f\u00fcr 2 Personen,&nbsp;&nbsp; Pittroff GmbH &amp; Co. KG 2138 2 K\u00e4rcher Hochdruckreiniger K7 Premium mit&nbsp;&nbsp; Zubeh\u00f6r&nbsp; ERNST M\u00dcLLER GMBH 2879 3 ein Wochenende Audi Cabrio fahren, Feser&nbsp;&nbsp; Graf Gruppe 554 4 Damenhandtasche von Longchamp 1830 5 Exklusivdruck [&hellip;]<\/p>\n","protected":false},"author":1,"featured_media":0,"parent":0,"menu_order":0,"comment_status":"closed","ping_status":"closed","template":"","meta":[],"_links":{"self":[{"href":"https:\/\/entencup.de\/index.php?rest_route=\/wp\/v2\/pages\/2041"}],"collection":[{"href":"https:\/\/entencup.de\/index.php?rest_route=\/wp\/v2\/pages"}],"about":[{"href":"https:\/\/entencup.de\/index.php?rest_route=\/wp\/v2\/types\/page"}],"author":[{"embeddable":true,"href":"https:\/\/entencup.de\/index.php?rest_route=\/wp\/v2\/users\/1"}],"replies":[{"embeddable":true,"href":"https:\/\/entencup.de\/index.php?rest_route=%2Fwp%2Fv2%2Fcomments&post=2041"}],"version-history":[{"count":4,"href":"https:\/\/entencup.de\/index.php?rest_route=\/wp\/v2\/pages\/2041\/revisions"}],"predecessor-version":[{"id":2055,"href":"https:\/\/entencup.de\/index.php?rest_route=\/wp\/v2\/pages\/2041\/revisions\/2055"}],"wp:attachment":[{"href":"https:\/\/entencup.de\/index.php?rest_route=%2Fwp%2Fv2%2Fmedia&parent=2041"}],"curies":[{"name":"wp","href":"https:\/\/api.w.org\/{rel}","templated":true}]}}