{"id":1777,"date":"2018-02-08T18:17:53","date_gmt":"2018-02-08T17:17:53","guid":{"rendered":"http:\/\/entencup.de\/?page_id=1777"},"modified":"2018-05-14T17:44:04","modified_gmt":"2018-05-14T15:44:04","slug":"entencup-2011","status":"publish","type":"page","link":"https:\/\/entencup.de\/?page_id=1777","title":{"rendered":"Entencup 2011"},"content":{"rendered":"<p>Der 1. N\u00fcrnberger Entencup ist beendet, die Gewinner stehen fest und in den n\u00e4chsten Tagen freuen wir uns Ihnen hier auch Bilder und Videos pr\u00e4sentieren zu k\u00f6nnen.<\/p>\n<p>Sie haben Bilder gemacht?\u00a0 Wir freuen uns \u00fcber eine Zusendung an:<a href=\"mailto:info@entencup.de\">\u00a0info@entencup.de<\/a><\/p>\n","protected":false},"excerpt":{"rendered":"<p>Der 1. N\u00fcrnberger Entencup ist beendet, die Gewinner stehen fest und in den n\u00e4chsten Tagen freuen wir uns Ihnen hier auch Bilder und Videos pr\u00e4sentieren zu k\u00f6nnen. Sie haben Bilder gemacht?\u00a0 Wir freuen uns \u00fcber eine Zusendung an:\u00a0info@entencup.de<\/p>\n","protected":false},"author":1,"featured_media":0,"parent":0,"menu_order":0,"comment_status":"closed","ping_status":"closed","template":"page-templates\/no-sidebar.php","meta":[],"_links":{"self":[{"href":"https:\/\/entencup.de\/index.php?rest_route=\/wp\/v2\/pages\/1777"}],"collection":[{"href":"https:\/\/entencup.de\/index.php?rest_route=\/wp\/v2\/pages"}],"about":[{"href":"https:\/\/entencup.de\/index.php?rest_route=\/wp\/v2\/types\/page"}],"author":[{"embeddable":true,"href":"https:\/\/entencup.de\/index.php?rest_route=\/wp\/v2\/users\/1"}],"replies":[{"embeddable":true,"href":"https:\/\/entencup.de\/index.php?rest_route=%2Fwp%2Fv2%2Fcomments&post=1777"}],"version-history":[{"count":2,"href":"https:\/\/entencup.de\/index.php?rest_route=\/wp\/v2\/pages\/1777\/revisions"}],"predecessor-version":[{"id":1973,"href":"https:\/\/entencup.de\/index.php?rest_route=\/wp\/v2\/pages\/1777\/revisions\/1973"}],"wp:attachment":[{"href":"https:\/\/entencup.de\/index.php?rest_route=%2Fwp%2Fv2%2Fmedia&parent=1777"}],"curies":[{"name":"wp","href":"https:\/\/api.w.org\/{rel}","templated":true}]}}